{"id":793,"date":"2023-01-23T23:19:05","date_gmt":"2023-01-23T23:19:05","guid":{"rendered":"http:\/\/www.zielinskaemilia.pl\/?page_id=793"},"modified":"2023-01-24T20:54:28","modified_gmt":"2023-01-24T20:54:28","slug":"about-me","status":"publish","type":"page","link":"http:\/\/www.zielinskaemilia.pl\/?page_id=793","title":{"rendered":"About me"},"content":{"rendered":"\n<p>In my work, I mainly present people, both their portraits and their full-body images. I also paint nature, mainly birds.&nbsp;I find the structure of the line, the skeleton, and the shadows within that showcase the object captivating.That is why I pay so much attention to muscle structure, body line, and position.&nbsp;&nbsp;I am fascinated by the process&nbsp;of painting and drawing itself.I use oil and acrylic paints for my paintings, whereas when drawing I use pencils and dry pastels often mixing all the techniques.&nbsp;I am inspired by classical&nbsp;forms of realism, art deco, the art of Young Poland, and photography (especially from the pre-war period). I take a straightforward approach to representation.<\/p>\n\n\n\n<p>Very often I take my ideas for a painting from a photo that inspires me to work on it.\u00a0Having found one, I process it, add background and other details. I draw it with a pencil on a canvas, paper, or cardboard and then apply the paint.<\/p>\n\n\n\n<pre class=\"wp-block-preformatted\"><\/pre>\n\n\n\n<p>I was born on Mother&#8217;s Day in 1988 in Zgierz. <\/p>\n\n\n\n<p>I earned my bachelor&#8217;s degree at Adam Mickiewicz University in Poznan (Faculty of Pedagogy and Fine Arts). I received my master&#8217;s degree from the Academy of Fine Arts in Gda\u0144sk (Faculty of Design).<\/p>\n\n\n\n<p>I completed postgraduate studies at the Postgraduate Education Center in \u0141\u00f3d\u017a, major: pedagogical preparation.<\/p>\n\n\n\n<p>I cooperated with:<br>-Robonet Gda\u0144sk<br>-E.Wedel<br>-Public Library in O\u017car\u00f3w Mazowiecki<br>\u200b-PwC <br>-Spark and Mortar Sp. z o.o.<br><br>I participated in design workshops with Emma Lighting, MedDESIGN, Terma Sp.z o.o., Public Library in O\u017car\u00f3w Mazowiecki.<br><br>I did painting work on polychrome in Church of st. Lawrence in Sochaczew, <br>Church of Holy Trinity in Pi\u0105tek, Church of st. Nicholas the Bishop in Koz\u0142\u00f3w Szlachecki. <br><br>I made a design and implementation of the interior of the Karolanek Sisters&#8217; Chapel in the Parish of the Blessed Virgin Mary Mother of the Redeemer and St. John of God in \u0141\u00f3d\u017a, in the Parish of the Blessed Virgin Mary Queen of Poland in Ozork\u00f3w.<br><br>I illustrated:<br><em>Nie p\u0119kaj! Bajka o b\u0105belku z O\u017carowa Mazowieckiego<\/em><br><em>Ale jaja!<\/em><br><em>Legendy Sycowa.<\/em><br><br>I worked as a designer in ASTRA S.A. and art instructor in the Center of culture and art in Sochaczew.<br><br>I received a patent by the Patent Office of the Republic of Poland for the invention.<br><br>Exhibitions:<br>-Center of culture and art in Sochaczew<br>-NOT Warszawa<br>-Municipal Cultural Centre in Ozork\u00f3w<br>-OfficeArt Exhibitions in Skierniewice<br>-District Museum of the Kalisz Region <br>-Museum of the Sochaczew Land and Battlefield on the Bzura River in Sochaczew<br>-Gdynia Design Days 2013<br>-Adam Mickiewicz University in Kalisz<br><br><br><br><br><br><\/p>\n","protected":false},"excerpt":{"rendered":"<p>In my work, I mainly present people, both their portraits and their full-body images. I also paint nature, mainly birds.&nbsp;I find the structure of the line, the skeleton, and the shadows within that showcase the object captivating.That is why I pay so much attention to muscle structure, body line, and position.&nbsp;&nbsp;I am fascinated by the process&nbsp;of painting and drawing itself.I use oil and acrylic paints for my paintings, whereas when<\/p>\n<div class=\"read-more\"><a class=\"btn read-more-btn\" href=\"http:\/\/www.zielinskaemilia.pl\/?page_id=793\">Read More<\/a><\/div>\n","protected":false},"author":1,"featured_media":0,"parent":0,"menu_order":0,"comment_status":"closed","ping_status":"closed","template":"","meta":{"sgf_ff_headings":0,"sgf_els_headings":[],"sgf_ff_body":146,"sgf_wt_body":"300","sgf_lh_body":1.15,"sgf_ls_body":0,"sgf_ws_body":0,"sgf_is_global":false,"sgf_date_global":""},"_links":{"self":[{"href":"http:\/\/www.zielinskaemilia.pl\/index.php?rest_route=\/wp\/v2\/pages\/793"}],"collection":[{"href":"http:\/\/www.zielinskaemilia.pl\/index.php?rest_route=\/wp\/v2\/pages"}],"about":[{"href":"http:\/\/www.zielinskaemilia.pl\/index.php?rest_route=\/wp\/v2\/types\/page"}],"author":[{"embeddable":true,"href":"http:\/\/www.zielinskaemilia.pl\/index.php?rest_route=\/wp\/v2\/users\/1"}],"replies":[{"embeddable":true,"href":"http:\/\/www.zielinskaemilia.pl\/index.php?rest_route=%2Fwp%2Fv2%2Fcomments&post=793"}],"version-history":[{"count":5,"href":"http:\/\/www.zielinskaemilia.pl\/index.php?rest_route=\/wp\/v2\/pages\/793\/revisions"}],"predecessor-version":[{"id":809,"href":"http:\/\/www.zielinskaemilia.pl\/index.php?rest_route=\/wp\/v2\/pages\/793\/revisions\/809"}],"wp:attachment":[{"href":"http:\/\/www.zielinskaemilia.pl\/index.php?rest_route=%2Fwp%2Fv2%2Fmedia&parent=793"}],"curies":[{"name":"wp","href":"https:\/\/api.w.org\/{rel}","templated":true}]}}